{"id":10,"date":"2021-02-03T20:48:23","date_gmt":"2021-02-03T20:48:23","guid":{"rendered":"http:\/\/underconstruction.tf\/?page_id=10"},"modified":"2021-02-03T22:45:30","modified_gmt":"2021-02-03T22:45:30","slug":"contact","status":"publish","type":"page","link":"https:\/\/underconstruction.tf\/fr\/","title":{"rendered":"Contact"},"content":{"rendered":"\n<p>Vous souhaitez mon aide pour&#8230;<\/p>\n\n\n\n<ul class=\"wp-block-list\"><li>cr\u00e9er un nouveau site web<\/li><li>maintenir votre site web existant<\/li><li>mettre \u00e0 jour, migrer ou moderniser votre site web existant<\/li><li>vous conseiller sur des aspects techniques (CMS, h\u00e9bergement, etc.)<\/li><\/ul>\n\n\n\n<p>&#8230; et c&rsquo;est en relation avec la musique ou un autre art ?<\/p>\n\n\n\n<p>Veuillez utiliser le formulaire de contact ci-dessous pour d\u00e9crire vous-m\u00eame et votre projet.<\/p>\n\n\n\n<div class=\"wpforms-container wpforms-container-full\" id=\"wpforms-53\"><form id=\"wpforms-form-53\" class=\"wpforms-validate wpforms-form\" data-formid=\"53\" method=\"post\" enctype=\"multipart\/form-data\" action=\"\/fr\/wp-json\/wp\/v2\/pages\/10\" data-token=\"eadc735a9367dfd4d673334cbaf60e71\"><noscript class=\"wpforms-error-noscript\">Veuillez activer JavaScript dans votre navigateur pour remplir ce formulaire.<\/noscript><div class=\"wpforms-field-container\"><div id=\"wpforms-53-field_0-container\" class=\"wpforms-field wpforms-field-name\" data-field-id=\"0\"><label class=\"wpforms-field-label\" for=\"wpforms-53-field_0\">Nom <span class=\"wpforms-required-label\">*<\/span><\/label><div class=\"wpforms-field-row wpforms-field-medium\"><div class=\"wpforms-field-row-block wpforms-first wpforms-one-half\"><input type=\"text\" id=\"wpforms-53-field_0\" class=\"wpforms-field-name-first wpforms-field-required\" name=\"wpforms[fields][0][first]\" required><label for=\"wpforms-53-field_0\" class=\"wpforms-field-sublabel after \">Pr\u00e9nom<\/label><\/div><div class=\"wpforms-field-row-block wpforms-one-half\"><input type=\"text\" id=\"wpforms-53-field_0-last\" class=\"wpforms-field-name-last wpforms-field-required\" name=\"wpforms[fields][0][last]\" required><label for=\"wpforms-53-field_0-last\" class=\"wpforms-field-sublabel after \">Nom<\/label><\/div><\/div><\/div><div id=\"wpforms-53-field_1-container\" class=\"wpforms-field wpforms-field-email\" data-field-id=\"1\"><label class=\"wpforms-field-label\" for=\"wpforms-53-field_1\">Email <span class=\"wpforms-required-label\">*<\/span><\/label><input type=\"email\" id=\"wpforms-53-field_1\" class=\"wpforms-field-medium wpforms-field-required\" name=\"wpforms[fields][1]\" required><\/div><div id=\"wpforms-53-field_2-container\" class=\"wpforms-field wpforms-field-textarea\" data-field-id=\"2\"><label class=\"wpforms-field-label\" for=\"wpforms-53-field_2\">Veuillez d\u00e9crire votre activit\u00e9 et vos besoins <span class=\"wpforms-required-label\">*<\/span><\/label><textarea id=\"wpforms-53-field_2\" class=\"wpforms-field-medium wpforms-field-required wpforms-limit-words-enabled\" data-form-id=\"53\" data-field-id=\"2\" data-text-limit=\"1000\" name=\"wpforms[fields][2]\" required><\/textarea><div class=\"wpforms-field-description\">J'aimerais conna\u00eetre vous, votre activit\u00e9 (artistique), et vos besoins (cr\u00e9ation, maintenance, mise \u00e0 jour, \u00e9volution...) \ud83d\ude42<\/div><\/div><\/div><div class=\"wpforms-submit-container\" ><input type=\"hidden\" name=\"wpforms[id]\" value=\"53\"><input type=\"hidden\" name=\"wpforms[author]\" value=\"1\"><button type=\"submit\" name=\"wpforms[submit]\" class=\"wpforms-submit \" id=\"wpforms-submit-53\" value=\"wpforms-submit\" aria-live=\"assertive\" data-alt-text=\"Sending...\" data-submit-text=\"Envoyer\">Envoyer<\/button><\/div><\/form><\/div>  <!-- .wpforms-container -->\n","protected":false},"excerpt":{"rendered":"<p>Vous souhaitez mon aide pour&#8230; cr\u00e9er un nouveau site web maintenir votre site web existant mettre \u00e0 jour, migrer ou moderniser votre site web existant vous conseiller sur des aspects techniques (CMS, h\u00e9bergement, etc.) &#8230; et c&rsquo;est en relation avec la musique ou un autre art ? Veuillez utiliser le formulaire de contact ci-dessous pour &hellip; <\/p>\n<p class=\"link-more\"><a href=\"https:\/\/underconstruction.tf\/fr\/\" class=\"more-link\">Continuer la lecture<span class=\"screen-reader-text\"> de &laquo;&nbsp;Contact&nbsp;&raquo;<\/span><\/a><\/p>\n","protected":false},"author":1,"featured_media":0,"parent":0,"menu_order":0,"comment_status":"closed","ping_status":"closed","template":"","meta":{"footnotes":""},"class_list":["post-10","page","type-page","status-publish","hentry"],"_links":{"self":[{"href":"https:\/\/underconstruction.tf\/fr\/wp-json\/wp\/v2\/pages\/10","targetHints":{"allow":["GET"]}}],"collection":[{"href":"https:\/\/underconstruction.tf\/fr\/wp-json\/wp\/v2\/pages"}],"about":[{"href":"https:\/\/underconstruction.tf\/fr\/wp-json\/wp\/v2\/types\/page"}],"author":[{"embeddable":true,"href":"https:\/\/underconstruction.tf\/fr\/wp-json\/wp\/v2\/users\/1"}],"replies":[{"embeddable":true,"href":"https:\/\/underconstruction.tf\/fr\/wp-json\/wp\/v2\/comments?post=10"}],"version-history":[{"count":13,"href":"https:\/\/underconstruction.tf\/fr\/wp-json\/wp\/v2\/pages\/10\/revisions"}],"predecessor-version":[{"id":64,"href":"https:\/\/underconstruction.tf\/fr\/wp-json\/wp\/v2\/pages\/10\/revisions\/64"}],"wp:attachment":[{"href":"https:\/\/underconstruction.tf\/fr\/wp-json\/wp\/v2\/media?parent=10"}],"curies":[{"name":"wp","href":"https:\/\/api.w.org\/{rel}","templated":true}]}}